{"id":12,"date":"2023-12-19T03:38:49","date_gmt":"2023-12-19T02:38:49","guid":{"rendered":"https:\/\/corporesanofisioterapia.com\/?page_id=12"},"modified":"2023-12-19T19:31:51","modified_gmt":"2023-12-19T18:31:51","slug":"cookies","status":"publish","type":"page","link":"https:\/\/corporesanofisioterapia.com\/?page_id=12","title":{"rendered":"Cookies"},"content":{"rendered":"\t\t<div data-elementor-type=\"wp-page\" data-elementor-id=\"12\" class=\"elementor elementor-12\" data-elementor-post-type=\"page\">\n\t\t\t\t\t\t<section class=\"elementor-section elementor-top-section elementor-element elementor-element-a758f2d elementor-section-height-min-height elementor-section-boxed elementor-section-height-default elementor-section-items-middle\" data-id=\"a758f2d\" data-element_type=\"section\" data-e-type=\"section\" data-settings=\"{&quot;background_background&quot;:&quot;classic&quot;}\">\n\t\t\t\t\t\t<div class=\"elementor-container elementor-column-gap-default\">\n\t\t\t\t\t<div class=\"elementor-column elementor-col-50 elementor-top-column elementor-element elementor-element-5fc444b\" data-id=\"5fc444b\" data-element_type=\"column\" data-e-type=\"column\">\n\t\t\t<div class=\"elementor-widget-wrap elementor-element-populated\">\n\t\t\t\t\t\t<div class=\"elementor-element elementor-element-4c7b0bb elementor-icon-list--layout-inline elementor-align-start elementor-mobile-align-center elementor-list-item-link-full_width elementor-invisible elementor-widget elementor-widget-icon-list\" data-id=\"4c7b0bb\" data-element_type=\"widget\" data-e-type=\"widget\" data-settings=\"{&quot;_animation&quot;:&quot;fadeInUp&quot;}\" data-widget_type=\"icon-list.default\">\n\t\t\t\t<div class=\"elementor-widget-container\">\n\t\t\t\t\t\t\t<ul class=\"elementor-icon-list-items elementor-inline-items\">\n\t\t\t\t\t\t\t<li class=\"elementor-icon-list-item elementor-inline-item\">\n\t\t\t\t\t\t\t\t\t\t\t<a href=\"https:\/\/corporesanofisioterapia.com\" title=\"Ir a p\u00e1gina de Inicio\">\n\n\t\t\t\t\t\t\t\t\t\t\t<span class=\"elementor-icon-list-text\">Inicio<\/span>\n\t\t\t\t\t\t\t\t\t\t\t<\/a>\n\t\t\t\t\t\t\t\t\t<\/li>\n\t\t\t\t\t\t\t\t<li class=\"elementor-icon-list-item elementor-inline-item\">\n\t\t\t\t\t\t\t\t\t\t\t<span class=\"elementor-icon-list-icon\">\n\t\t\t\t\t\t\t<svg aria-hidden=\"true\" class=\"e-font-icon-svg e-fas-angle-right\" viewBox=\"0 0 256 512\" xmlns=\"http:\/\/www.w3.org\/2000\/svg\"><path d=\"M224.3 273l-136 136c-9.4 9.4-24.6 9.4-33.9 0l-22.6-22.6c-9.4-9.4-9.4-24.6 0-33.9l96.4-96.4-96.4-96.4c-9.4-9.4-9.4-24.6 0-33.9L54.3 103c9.4-9.4 24.6-9.4 33.9 0l136 136c9.5 9.4 9.5 24.6.1 34z\"><\/path><\/svg>\t\t\t\t\t\t<\/span>\n\t\t\t\t\t\t\t\t\t\t<span class=\"elementor-icon-list-text\"><\/span>\n\t\t\t\t\t\t\t\t\t<\/li>\n\t\t\t\t\t\t<\/ul>\n\t\t\t\t\t\t<\/div>\n\t\t\t\t<\/div>\n\t\t\t\t\t<\/div>\n\t\t<\/div>\n\t\t\t\t<div class=\"elementor-column elementor-col-50 elementor-top-column elementor-element elementor-element-a31bfe4\" data-id=\"a31bfe4\" data-element_type=\"column\" data-e-type=\"column\">\n\t\t\t<div class=\"elementor-widget-wrap elementor-element-populated\">\n\t\t\t\t\t\t<div class=\"elementor-element elementor-element-9e1e56e elementor-hidden-mobile elementor-widget elementor-widget-image\" data-id=\"9e1e56e\" data-element_type=\"widget\" data-e-type=\"widget\" data-widget_type=\"image.default\">\n\t\t\t\t<div class=\"elementor-widget-container\">\n\t\t\t\t\t\t\t\t\t\t\t\t\t\t\t<img fetchpriority=\"high\" decoding=\"async\" width=\"457\" height=\"448\" src=\"https:\/\/corporesanofisioterapia.com\/wp-content\/uploads\/2023\/12\/logo-corpore-sano-fisioterapia-1.webp\" class=\"attachment-full size-full wp-image-112\" alt=\"logo corpore sano fisioterapia (1)\" srcset=\"https:\/\/corporesanofisioterapia.com\/wp-content\/uploads\/2023\/12\/logo-corpore-sano-fisioterapia-1.webp 457w, https:\/\/corporesanofisioterapia.com\/wp-content\/uploads\/2023\/12\/logo-corpore-sano-fisioterapia-1-300x294.webp 300w\" sizes=\"(max-width: 457px) 100vw, 457px\" \/>\t\t\t\t\t\t\t\t\t\t\t\t\t\t\t<\/div>\n\t\t\t\t<\/div>\n\t\t\t\t\t<\/div>\n\t\t<\/div>\n\t\t\t\t\t<\/div>\n\t\t<\/section>\n\t\t<div class=\"elementor-element elementor-element-d696d1b e-flex e-con-boxed e-con e-parent\" data-id=\"d696d1b\" data-element_type=\"container\" data-e-type=\"container\">\n\t\t\t\t\t<div class=\"e-con-inner\">\n\t\t\t\t<div class=\"elementor-element elementor-element-550c912 elementor-widget elementor-widget-html\" data-id=\"550c912\" data-element_type=\"widget\" data-e-type=\"widget\" data-widget_type=\"html.default\">\n\t\t\t\t<div class=\"elementor-widget-container\">\n\t\t\t\t\t<div class=\"text-block\" ><\/div>\r\n<\/div>\r\n<script> \r\n \r\nlet textBlock = document.querySelector(\".text-block\") \r\n\r\nlet company = \"Corpore Sano Fisioterapia\";\r\nlet websiteUrl = \"https:\/\/corporesanofisioterapia.com\/\";\r\nlet nif = \"XX-XXX-XX\"\r\nlet email = \"corporesanofisioterapia2@gmail.com\"\r\nlet socialActivity = \" SERVICIOS DE _____\"\r\n\r\nlet txt = `\r\n<h5>\u00bfQu\u00e9 son las cookies?<\/h5>\r\n\r\nLas cookies son peque\u00f1os archivos de datos que se reciben en el terminal desde el sitio Web visitado y se usan para registrar ciertas interacciones de la navegaci\u00f3n en un sitio Web almacenando datos que podr\u00e1n ser actualizados y recuperados. Estos archivos se almacenan en el ordenador del usuario y contiene datos an\u00f3nimos que no son perjudiciales para su equipo. Se utilizan para recordar las preferencias del usuario, como el idioma seleccionado, datos de acceso o personalizaci\u00f3n de la p\u00e1gina.\r\n\r\nLas cookies tambi\u00e9n pueden ser utilizadas para registrar informaci\u00f3n an\u00f3nima acerca de c\u00f3mo un visitante utiliza un sitio. Por ejemplo, desde qu\u00e9 p\u00e1gina Web ha accedido, o si ha utilizado un \u201cbanner\u201d publicitario para llegar.\r\n<h5>\u00bfPor qu\u00e9 utilizamos cookies?<\/h5>\r\n<b><i>${company}<\/i><\/b>\u00a0utiliza cookies estrictamente necesarias y esenciales para que usted utilice nuestros sitios Web y le permitan moverse libremente, utilizar \u00e1reas seguras, opciones personalizadas, etc. Adem\u00e1s, <span style=\"font-size: 18px; letter-spacing: -0.27px;\"><b><i>${company}<\/i><\/b><\/span>\u00a0utiliza cookies que recogen datos relativos al an\u00e1lisis de uso de la Web. \u00c9stas se utilizan para ayudar a mejorar el servicio al cliente, midiendo el uso y el rendimiento de la p\u00e1gina, para optimizarla y personalizarla.\r\n\r\nLas cookies de esta p\u00e1gina web ayudan a:\r\n<ul>\r\n \t<li>Hacer que funcione correctamente<\/li>\r\n \t<li>Ahorrarle tiempo al no tener que iniciar sesi\u00f3n cada que vez que accede a la web<\/li>\r\n \t<li>Recordarle sus ajustes<\/li>\r\n \t<li>Permitirle visualizar v\u00eddeos<\/li>\r\n \t<li>Mejorar la velocidad y seguridad de la web<\/li>\r\n \t<li>Poder compartir el contenido de la web en las redes sociales<\/li>\r\n \t<li>Mejorar continuamente la p\u00e1gina web<\/li>\r\n \t<li>Mostrarle anuncios en funci\u00f3n de sus h\u00e1bitos de navegaci\u00f3n por la p\u00e1gina web.<\/li>\r\n<\/ul>\r\n<div><\/div>\r\n<h5>\u00bfQu\u00e9 uso le damos a los diferentes tipos de cookies?<\/h5>\r\n<strong>Cookies de sesi\u00f3n:<\/strong>\u00a0Las cookies de sesi\u00f3n son aquellas que duran el tiempo que el usuario est\u00e1 navegando por la p\u00e1gina web y se borran al t\u00e9rmino.\r\n\r\n<strong>Cookies persistentes:<\/strong>\u00a0Estas cookies quedan almacenadas en el terminal del usuario por un tiempo m\u00e1s largo, facilitando as\u00ed el control de las preferencias elegidas sin tener que repetir ciertos par\u00e1metros cada vez que se visite el sitio web.\r\n\r\n<strong>Cookies propias:<\/strong>\u00a0Son cookies creadas por este sitio web y que solo puede leer el propio sitio. Por ejemplo: cookies t\u00e9cnicas para la carga de im\u00e1genes, cookies de personalizaci\u00f3n de par\u00e1metros de la web, cookies de an\u00e1lisis de tr\u00e1fico, etc.\r\n\r\n<strong>Cookies de terceros:<\/strong>\u00a0Son cookies creadas por terceros y que utilizamos para diferentes servicios (por ej. An\u00e1lisis del sitio web o publicidad)\r\n\r\nSeg\u00fan su finalidad:\r\n\r\n<strong>Cookies t\u00e9cnicas:<\/strong>\u00a0Las cookies t\u00e9cnicas son aquellas imprescindibles y estrictamente necesarias para el correcto funcionamiento de un portal Web y la utilizaci\u00f3n de las diferentes opciones y servicios que ofrece. Por ejemplo, las que sirven para el mantenimiento de la sesi\u00f3n, la gesti\u00f3n del tiempo de respuesta, rendimiento o validaci\u00f3n de opciones, utilizar elementos de seguridad, compartir contenido con redes sociales, etc.\r\n\r\n<strong>Cookies de personalizaci\u00f3n:<\/strong>\u00a0Estas cookies permiten al usuario especificar o personalizar algunas caracter\u00edsticas de las opciones generales de la p\u00e1gina Web, Por ejemplo, definir el idioma, configuraci\u00f3n regional o tipo de navegador.\r\n\r\n<strong>Cookies anal\u00edticas:<\/strong>\u00a0Las cookies anal\u00edticas son las utilizadas por nuestro portal Web, para elaborar perfiles de navegaci\u00f3n y poder conocer las preferencias de los usuarios del mismo con el fin de mejorar la oferta de productos y servicios. Por ejemplo, mediante una cookie anal\u00edtica se controlar\u00edan las \u00e1reas geogr\u00e1ficas de mayor inter\u00e9s de un usuario, cu\u00e1l es el producto de m\u00e1s aceptaci\u00f3n, etc.\r\n\r\n<strong>Cookies publicitarias:<\/strong>\u00a0Las cookies publicitarias permiten la gesti\u00f3n de los espacios publicitarios en base a criterios concretos. Por ejemplo la frecuencia de acceso, el contenido editado, etc. Las cookies de publicidad permiten a trav\u00e9s de la gesti\u00f3n de la publicidad almacenar informaci\u00f3n del comportamiento a trav\u00e9s de la observaci\u00f3n de h\u00e1bitos, estudiando los accesos y formando un perfil de preferencias del usuario, para ofrecerle publicidad relacionada con los intereses de su perfil.\r\n<h5>Cookies de terceros utilizadas en esta web<\/h5>\r\nEsta web incluye funcionalidades proporcionadas por terceros que instalan sus propias cookies.\r\n\r\nEs importante que sepa que son cookies provisionales que no siempre es posible informar y que solo tienen finalidades de estudio y valoraci\u00f3n. En ning\u00fan caso se van a utilizar cookies que comprometan su privacidad.\r\n\r\nLas cookies de terceros m\u00e1s estables que utiliza <span style=\"font-size: 18px; letter-spacing: -0.27px;\"><b><i>${company}<\/i><\/b><\/span>\u00a0en esta web son:\r\n<ul>\r\n \t<li><strong>Google Analytics<\/strong>, un servicio anal\u00edtico de web prestado por Google, Inc. con domicilio en los Estados Unidos con sede central en 1600 Amphitheatre Parkway, Mountain View, California 94043.\u00a0 Para la prestaci\u00f3n de estos servicios, estos\u00a0utilizan cookies que recopilan la informaci\u00f3n, incluida la direcci\u00f3n IP del usuario, que ser\u00e1\u00a0transmitida, tratada y almacenada por\u00a0Google\u00a0en los t\u00e9rminos fijados en la Web Google.com. Incluyendo la posible\u00a0transmisi\u00f3n de dicha informaci\u00f3n a terceros por razones de exigencia legal o cuando dichos terceros\u00a0procesen la informaci\u00f3n por cuenta de Google.<\/li>\r\n<\/ul>\r\n<div><\/div>\r\n<table width=\"100%\">\r\n<tbody>\r\n<tr>\r\n<td width=\"30%\">NOMBRE<\/td>\r\n<td width=\"24%\">DURACI\u00d3N PREDETERMINADA<\/td>\r\n<td width=\"43%\">FINALIDAD Y DOMINIO<\/td>\r\n<\/tr>\r\n<tr>\r\n<td width=\"30%\">__ut__utma, __utmb, __utmc, __utmz<\/td>\r\n<td width=\"24%\">2 a\u00f1os a partir de la configuraci\u00f3n o actualizaci\u00f3n<\/td>\r\n<td width=\"43%\">Google Analytics , Permite analizar el tr\u00e1fico de la web y obtener estad\u00edsticas de navegaci\u00f3n.\u00a0<a href=\"http:\/\/www.google.com\/analytics\/\" rel=\"nofollow noopener\" target=\"_blank\">M\u00e1s informaci\u00f3n<\/a>.<\/td>\r\n<\/tr>\r\n<\/tbody>\r\n<\/table>\r\n<ul>\r\n \t<li><strong>WordPress<\/strong>, es la plataforma donde se aloja esta web, y es propiedad de la empresa norteamericana Automattic, Inc. A tales efectos las cookies que utiliza la plataforma nunca estar\u00e1 bajo el control o gesti\u00f3n del responsable de la web.<\/li>\r\n<\/ul>\r\n<table width=\"100%\">\r\n<tbody>\r\n<tr>\r\n<td width=\"30%\">NOMBRE<\/td>\r\n<td width=\"25%\">DURACI\u00d3N PREDETERMINADA<\/td>\r\n<td width=\"44%\">FINALIDAD Y DOMINIO<\/td>\r\n<\/tr>\r\n<tr>\r\n<td width=\"30%\">Cookie: __qca<\/td>\r\n<td width=\"25%\">2 a\u00f1os a partir de la configuraci\u00f3n o actualizaci\u00f3n<\/td>\r\n<td width=\"44%\">WordPress:\u00a0Permite analizar el tr\u00e1fico de la web \u00a0y a todos sus usuarios le instala inevitablemente una\u00a0cookie\u00a0de estad\u00edsticas que rastrea y almacena su IP en una empresa estadounidense (Automaticc) a trav\u00e9s de un tercero (Quantcast) la suya es una cookie generalmente asociada a Quantcast, Proporcionan el ranking de sitios web, y los datos que recogen tambi\u00e9n se utiliza para la segmentaci\u00f3n de la audiencia.<\/td>\r\n<\/tr>\r\n<\/tbody>\r\n<\/table>\r\n<ul>\r\n \t<li><strong>Active Campaing<\/strong>\u00a0como proveedor de email marketing<\/li>\r\n<\/ul>\r\n<table width=\"100%\">\r\n<tbody>\r\n<tr>\r\n<td width=\"30%\">NOMBRE<\/td>\r\n<td width=\"24%\">DURACI\u00d3N PREDETERMINADA<\/td>\r\n<td width=\"43%\">FINALIDAD Y DOMINIO<\/td>\r\n<\/tr>\r\n<tr>\r\n<td width=\"30%\">Active Campaing<\/td>\r\n<td width=\"24%\">2 a\u00f1os a partir de la configuraci\u00f3n<\/td>\r\n<td width=\"43%\">Es un generador de suscripciones\u00a0<a href=\"http:\/\/www.activecampaign.com\/privacy-policy\/\" rel=\"nofollow noopener\" target=\"_blank\">M\u00e1s informaci\u00f3n<\/a>.<\/td>\r\n<\/tr>\r\n<\/tbody>\r\n<\/table>\r\n<ul>\r\n \t<li><strong>Cookies de redes sociales<\/strong>, que pueden almacenarse en su ordenador por ejemplo, cuando utiliza el bot\u00f3n de compartir contenidos de esta web en alguna red social.<\/li>\r\n<\/ul>\r\nLas empresas que generan estas cookies tienen sus propias pol\u00edticas de cookies:\r\n<ul>\r\n \t<li><a href=\"https:\/\/www.facebook.com\/policies\/cookies\/\" rel=\"nofollow noopener\" target=\"_blank\">Cookies de Facebook<\/a><\/li>\r\n \t<li><a href=\"https:\/\/support.twitter.com\/articles\/20170521\" rel=\"nofollow noopener\" target=\"_blank\">Cookies de Twitter<\/a><\/li>\r\n \t<li><a href=\"https:\/\/www.linkedin.com\/legal\/cookie_policy\" rel=\"nofollow noopener\" target=\"_blank\">Cookies de Linkedin<\/a><\/li>\r\n<\/ul>\r\n<h5>\u00bfC\u00f3mo puedo cambiar la configuraci\u00f3n de las cookies?<\/h5>\r\nPuede usted permitir, bloquear o eliminar las cookies instaladas en su equipo mediante la configuraci\u00f3n de las opciones del navegador instalado en su ordenador.\r\n\r\nA continuaci\u00f3n puede acceder a la configuraci\u00f3n de los navegadores webs m\u00e1s frecuentes para aceptar, instalar o desactivar las cookies:\r\n\r\n<a href=\"http:\/\/support.google.com\/chrome\/bin\/answer.py?hl=es-419&amp;answer=95647\" rel=\"nofollow noopener\" target=\"_blank\">Google Chrome<\/a>\u00a0\u2013\u00a0<a href=\"http:\/\/windows.microsoft.com\/es-xl\/internet-explorer\/delete-manage-cookies#ie=ie-10\" rel=\"nofollow noopener\" target=\"_blank\">Internet Explorer<\/a>\u00a0\u2013\u00a0<a href=\"http:\/\/support.mozilla.org\/es\/kb\/habilitar-y-deshabilitar-cookies-que-los-sitios-we\" rel=\"nofollow noopener\" target=\"_blank\">Mozilla Firefox<\/a>\u00a0\u2013\u00a0<a href=\"http:\/\/support.apple.com\/kb\/HT1677?viewlocale=es_ES%20%97%20http:\/\/support.apple.com\/kb\/ph5042\" rel=\"nofollow noopener\" target=\"_blank\">Apple Safari<\/a>\r\n\r\nAl desactivar a eliminar las cookies, parte del Sitio Web no funcionar\u00e1 o la calidad de la p\u00e1gina web puede verse afectada.\r\n\r\nSi tiene dudas sobre esta pol\u00edtica de cookies, puede contactar con <span style=\"font-size: 18px; letter-spacing: -0.27px;\"><b><i>${company}<\/i><\/b><\/span>\u00a0en\u00a0<b style=\"background-color: var( --e-global-color-dae4b67 ); font-family: var( --e-global-typography-text-font-family ), Sans-serif; font-size: var( --e-global-typography-text-font-size ); letter-spacing: -0.015em; text-transform: var( --e-global-typography-text-text-transform );\"><a href=\"mailto:${email}\">${email}<\/a><\/b>\r\n<h5>\u00bfD\u00f3nde puedo obtener m\u00e1s informaci\u00f3n?<\/h5>\r\nPuedes encontrar m\u00e1s informaci\u00f3n sobre cookies en <a href=\"http:\/\/www.allaboutcookies.org\/\" rel=\"nofollow noopener\" target=\"_blank\">www.allaboutcookies.org<\/a> o <a href=\"http:\/\/www.youronlinechoices.eu\/\" rel=\"nofollow noopener\" target=\"_blank\">www.youronlinechoices.eu<\/a>\r\n\r\n`\r\ntextBlock.innerHTML= txt\r\n\r\n<\/script>\r\n<style>\r\n    td , tr td  {\r\n        word-break: break-all !important\r\n    }\r\n    p, h5, b, a {\r\n        font-family: \"Chillax\", Sans-serif;\r\n        font-weight: 400;\r\n    }\r\n   .text-block {\r\n       padding: 80px 20px\r\n   }\r\n   \r\n   \r\n<\/style>\t\t\t\t<\/div>\n\t\t\t\t<\/div>\n\t\t\t\t\t<\/div>\n\t\t\t\t<\/div>\n\t\t\t\t<\/div>\n\t\t","protected":false},"excerpt":{"rendered":"<p>Inicio<\/p>\n","protected":false},"author":1,"featured_media":0,"parent":0,"menu_order":13,"comment_status":"closed","ping_status":"closed","template":"elementor_header_footer","meta":{"_monsterinsights_skip_tracking":false,"_monsterinsights_sitenote_active":false,"_monsterinsights_sitenote_note":"","_monsterinsights_sitenote_category":0,"footnotes":""},"class_list":["post-12","page","type-page","status-publish","hentry"],"_links":{"self":[{"href":"https:\/\/corporesanofisioterapia.com\/index.php?rest_route=\/wp\/v2\/pages\/12","targetHints":{"allow":["GET"]}}],"collection":[{"href":"https:\/\/corporesanofisioterapia.com\/index.php?rest_route=\/wp\/v2\/pages"}],"about":[{"href":"https:\/\/corporesanofisioterapia.com\/index.php?rest_route=\/wp\/v2\/types\/page"}],"author":[{"embeddable":true,"href":"https:\/\/corporesanofisioterapia.com\/index.php?rest_route=\/wp\/v2\/users\/1"}],"replies":[{"embeddable":true,"href":"https:\/\/corporesanofisioterapia.com\/index.php?rest_route=%2Fwp%2Fv2%2Fcomments&post=12"}],"version-history":[{"count":4,"href":"https:\/\/corporesanofisioterapia.com\/index.php?rest_route=\/wp\/v2\/pages\/12\/revisions"}],"predecessor-version":[{"id":449,"href":"https:\/\/corporesanofisioterapia.com\/index.php?rest_route=\/wp\/v2\/pages\/12\/revisions\/449"}],"wp:attachment":[{"href":"https:\/\/corporesanofisioterapia.com\/index.php?rest_route=%2Fwp%2Fv2%2Fmedia&parent=12"}],"curies":[{"name":"wp","href":"https:\/\/api.w.org\/{rel}","templated":true}]}}