{"id":13,"date":"2023-12-19T03:38:57","date_gmt":"2023-12-19T02:38:57","guid":{"rendered":"https:\/\/corporesanofisioterapia.com\/?page_id=13"},"modified":"2023-12-19T19:32:45","modified_gmt":"2023-12-19T18:32:45","slug":"accesibilidad","status":"publish","type":"page","link":"https:\/\/corporesanofisioterapia.com\/?page_id=13","title":{"rendered":"Accesibilidad"},"content":{"rendered":"\t\t<div data-elementor-type=\"wp-page\" data-elementor-id=\"13\" class=\"elementor elementor-13\" data-elementor-post-type=\"page\">\n\t\t\t\t\t\t<section class=\"elementor-section elementor-top-section elementor-element elementor-element-a0a7ef9 elementor-section-height-min-height elementor-section-boxed elementor-section-height-default elementor-section-items-middle\" data-id=\"a0a7ef9\" data-element_type=\"section\" data-e-type=\"section\" data-settings=\"{&quot;background_background&quot;:&quot;classic&quot;}\">\n\t\t\t\t\t\t<div class=\"elementor-container elementor-column-gap-default\">\n\t\t\t\t\t<div class=\"elementor-column elementor-col-50 elementor-top-column elementor-element elementor-element-781b781\" data-id=\"781b781\" data-element_type=\"column\" data-e-type=\"column\">\n\t\t\t<div class=\"elementor-widget-wrap elementor-element-populated\">\n\t\t\t\t\t\t<div class=\"elementor-element elementor-element-b4e531f elementor-icon-list--layout-inline elementor-align-start elementor-mobile-align-center elementor-list-item-link-full_width elementor-invisible elementor-widget elementor-widget-icon-list\" data-id=\"b4e531f\" data-element_type=\"widget\" data-e-type=\"widget\" data-settings=\"{&quot;_animation&quot;:&quot;fadeInUp&quot;}\" data-widget_type=\"icon-list.default\">\n\t\t\t\t<div class=\"elementor-widget-container\">\n\t\t\t\t\t\t\t<ul class=\"elementor-icon-list-items elementor-inline-items\">\n\t\t\t\t\t\t\t<li class=\"elementor-icon-list-item elementor-inline-item\">\n\t\t\t\t\t\t\t\t\t\t\t<a href=\"https:\/\/corporesanofisioterapia.com\" title=\"Ir a p\u00e1gina de Inicio\">\n\n\t\t\t\t\t\t\t\t\t\t\t<span class=\"elementor-icon-list-text\">Inicio<\/span>\n\t\t\t\t\t\t\t\t\t\t\t<\/a>\n\t\t\t\t\t\t\t\t\t<\/li>\n\t\t\t\t\t\t\t\t<li class=\"elementor-icon-list-item elementor-inline-item\">\n\t\t\t\t\t\t\t\t\t\t\t<span class=\"elementor-icon-list-icon\">\n\t\t\t\t\t\t\t<svg aria-hidden=\"true\" class=\"e-font-icon-svg e-fas-angle-right\" viewBox=\"0 0 256 512\" xmlns=\"http:\/\/www.w3.org\/2000\/svg\"><path d=\"M224.3 273l-136 136c-9.4 9.4-24.6 9.4-33.9 0l-22.6-22.6c-9.4-9.4-9.4-24.6 0-33.9l96.4-96.4-96.4-96.4c-9.4-9.4-9.4-24.6 0-33.9L54.3 103c9.4-9.4 24.6-9.4 33.9 0l136 136c9.5 9.4 9.5 24.6.1 34z\"><\/path><\/svg>\t\t\t\t\t\t<\/span>\n\t\t\t\t\t\t\t\t\t\t<span class=\"elementor-icon-list-text\"><\/span>\n\t\t\t\t\t\t\t\t\t<\/li>\n\t\t\t\t\t\t<\/ul>\n\t\t\t\t\t\t<\/div>\n\t\t\t\t<\/div>\n\t\t\t\t\t<\/div>\n\t\t<\/div>\n\t\t\t\t<div class=\"elementor-column elementor-col-50 elementor-top-column elementor-element elementor-element-1a35c53\" data-id=\"1a35c53\" data-element_type=\"column\" data-e-type=\"column\">\n\t\t\t<div class=\"elementor-widget-wrap elementor-element-populated\">\n\t\t\t\t\t\t<div class=\"elementor-element elementor-element-c3c6aad elementor-hidden-mobile elementor-widget elementor-widget-image\" data-id=\"c3c6aad\" data-element_type=\"widget\" data-e-type=\"widget\" data-widget_type=\"image.default\">\n\t\t\t\t<div class=\"elementor-widget-container\">\n\t\t\t\t\t\t\t\t\t\t\t\t\t\t\t<img fetchpriority=\"high\" decoding=\"async\" width=\"457\" height=\"448\" src=\"https:\/\/corporesanofisioterapia.com\/wp-content\/uploads\/2023\/12\/logo-corpore-sano-fisioterapia-1.webp\" class=\"attachment-full size-full wp-image-112\" alt=\"logo corpore sano fisioterapia (1)\" srcset=\"https:\/\/corporesanofisioterapia.com\/wp-content\/uploads\/2023\/12\/logo-corpore-sano-fisioterapia-1.webp 457w, https:\/\/corporesanofisioterapia.com\/wp-content\/uploads\/2023\/12\/logo-corpore-sano-fisioterapia-1-300x294.webp 300w\" sizes=\"(max-width: 457px) 100vw, 457px\" \/>\t\t\t\t\t\t\t\t\t\t\t\t\t\t\t<\/div>\n\t\t\t\t<\/div>\n\t\t\t\t\t<\/div>\n\t\t<\/div>\n\t\t\t\t\t<\/div>\n\t\t<\/section>\n\t\t<div class=\"elementor-element elementor-element-3ea074d e-flex e-con-boxed e-con e-parent\" data-id=\"3ea074d\" data-element_type=\"container\" data-e-type=\"container\">\n\t\t\t\t\t<div class=\"e-con-inner\">\n\t\t\t\t<div class=\"elementor-element elementor-element-f71b41a elementor-widget elementor-widget-html\" data-id=\"f71b41a\" data-element_type=\"widget\" data-e-type=\"widget\" data-widget_type=\"html.default\">\n\t\t\t\t<div class=\"elementor-widget-container\">\n\t\t\t\t\t<div class=\"text-block\"<\/div>\r\n<script> \r\n \r\nlet textBlock = document.querySelector(\".text-block\") \r\n\r\nlet company = \"Corpore Sano Fisioterapia\";\r\nlet websiteUrl = \"https:\/\/corporesanofisioterapia.com\/\";\r\nlet nif = \"XX-XXX-XX\"\r\nlet email = \"corporesanofisioterapia2@gmail.com\"\r\nlet socialActivity = \" SERVICIOS DE _____\"\r\n\r\nlet txt = `\r\n<b>${company}<\/b><em><span style=\"color: var( --e-global-color-text ); font-family: var( --e-global-typography-text-font-family ), Sans-serif; font-size: var( --e-global-typography-text-font-size ); font-weight: var( --e-global-typography-text-font-weight );\">\u00a0<\/span><\/em>\u00a0se ha comprometido a hacer accesible su sitio web de conformidad con el Real Decreto 1112\/2018, de 7 de septiembre, sobre accesibilidad de los sitios web y aplicaciones para dispositivos m\u00f3viles del sector p\u00fablico.\r\n\r\nLa presente declaraci\u00f3n de accesibilidad se aplica al sitio web <a href=\"${websiteUrl}\"><b>${websiteUrl}<\/b><\/a>\r\n\r\n<h5><b>Situaci\u00f3n de cumplimiento<\/b><\/h5>\r\nEste sitio web es parcialmente conforme con el RD 1112\/2018 debido a las excepciones y a la falta de conformidad de los aspectos que se indican a continuaci\u00f3n.\r\n<br>\r\n<h5><b>Contenido no accesible<\/b><\/h5>\r\nEl contenido que se recoge a continuaci\u00f3n no es accesible por lo siguiente:\r\n\r\nfalta de conformidad con el RD 1112\/2018\r\n\r\nExisten logotipos e im\u00e1genes con texto alternativo incorrecto o confuso e im\u00e1genes complejas sin descripci\u00f3n textual [requisito n\u00famero 9.1.1.1 Contenido no textual, de UNE-EN 301549:2022].\r\n\r\nExisten listas creadas de forma incorrecta (sin etiqueta de lista), tablas con celdas etiquetadas incorrectamente y etiquetas invisibles en elementos de formularios [requisito n\u00famero 9.1.3.1 Informaci\u00f3n y relaciones, de UNE-EN 301549:2022].\r\n\r\nExisten tablas no adaptadas a tama\u00f1os de pantalla peque\u00f1os y campos de formulario que no se visualizan correctamente en tama\u00f1os de pantalla peque\u00f1os [requisito n\u00famero 9.1.4.10 Reajuste de texto, de UNE-EN 301549:2022].\r\n\r\nExiste texto que al cambiar los espacios y alturas de l\u00ednea no se visualiza correctamente [requisito n\u00famero 9.1.4.12 Espaciado de texto, de UNE-EN 301549:2022].\r\n\r\nExisten elementos que no son accesibles por teclado, como por ejemplo enlaces a redes sociales, el editor de textos para comentarios, elementos para ordenar resultados de b\u00fasqueda, la paginaci\u00f3n de los resultados de b\u00fasqueda o las flechas de calendario [requisito n\u00famero 9.2.1.1 Teclado, de UNE-EN 301549:2022].\r\n\r\nHay elementos que no reciben el foco y por tanto no se puede interactuar con ellos mediante el teclado, por ejemplo [requisito n\u00famero 9.2.4.3 Orden del foco, de UNE-EN 301549:2022].\r\n\r\nHay enlaces en los que no se identifica correctamente su funci\u00f3n (tienen una descripci\u00f3n inadecuada, un texto demasiado gen\u00e9rico, un title inadecuado...) [requisito n\u00famero 9.2.4.4 Prop\u00f3sito de los enlaces, de UNE-EN 301549:2022].\r\n\r\nHay encabezados con texto repetido y\/o poco descriptivo [requisito n\u00famero 9.2.4.6 Encabezados y etiquetas, de UNE-EN 301549:2022].\r\n\r\nExisten im\u00e1genes, infograf\u00edas, textos de enlaces o botones, texto de titulares y contenido que no est\u00e1n traducidos a otros idiomas [requisito n\u00famero 9.3.1.2 Idioma de las partes, de UNE-EN 301549:2022].\r\n\r\nEn alguna p\u00e1gina se est\u00e1 usando el mismo icono para diferentes prop\u00f3sitos, lo cual genera confusi\u00f3n [requisito n\u00famero 9.3.2.4 Identificaci\u00f3n coherente, de UNE-EN 301549:2022].\r\n\r\nExisten mensajes de error poco descriptivos, o mensajes de error que no est\u00e1n agrupados en un \u00fanico mensaje as\u00ed como falta de sugerencias en formulario para rellenar los campos correctamente [requisito n\u00famero 9.3.3.1 Identificaci\u00f3n de errores, de UNE-EN 301549:2022].\r\n\r\nExisten formularios con campos obligatorios donde no se informa al usuario de ello, as\u00ed como campos donde falta un ejemplo textual del formato del campo (como por ejemplo el DNI) [requisito n\u00famero 9.3.3.2 Etiquetas e instrucciones, de UNE-EN 301549:2022].\r\n\r\nExisten campos de formularios donde se informa del error cuando se introduce un valor incorrecto pero no se informa de una sugerencia para su correcci\u00f3n [requisito n\u00famero 9.3.3.3 Sugerencias ante errores, de UNE-EN 301549:2022].\r\n\r\nExisten p\u00e1ginas con errores de sintaxis y por tanto alg\u00fan producto de apoyo puede no interpretar correctamente el contenido (IDs de p\u00e1gina duplicados, etiquetas sin cerrar, construcci\u00f3n incorrecta de etiquetas...) [requisito n\u00famero 9.4.1.1 Procesamiento, de UNE-EN 301549:2022].\r\n\r\nExisten p\u00e1ginas en las que los productos de apoyo no van a poder obtener informaci\u00f3n, interactuar y estar al corriente del estado de los controles de interfaz de usuario, como por ejemplo, mensajes de ayuda, mensajes de estado de resultado de acciones, atributos de enlaces, imagen de idioma de p\u00e1gina... que no podr\u00e1n ser le\u00eddo por lectores de pantalla en el momento en el que aparecen [requisito n\u00famero 9.4.1.2 Nombre, funci\u00f3n, valor de UNE-EN 301549:2022].\r\n\r\nPodr\u00edan existir fallos puntuales de edici\u00f3n en alguna p\u00e1gina web.\r\n<br>\r\n<h5>Carga desproporcionada<\/h5>\r\nNo aplica.\r\nEl contenido no entra dentro del \u00e1mbito de la legislaci\u00f3n aplicable\r\n\r\nPodr\u00edan existir archivos ofim\u00e1ticos en PDF u otros formatos publicados antes del 20 de septiembre de 2018 que no cumplan en su totalidad todos los requisitos de accesibilidad. Aunque se ha procurado que la mayor\u00eda de ellos s\u00ed lo cumplan.\r\nPreparaci\u00f3n de la presente declaraci\u00f3n de accesibilidad\r\nLa presente declaraci\u00f3n fue preparada el 20 de abril de 2023.\r\n\r\nEl m\u00e9todo empleado para preparar la declaraci\u00f3n ha sido una autoevaluaci\u00f3n llevada a cabo por la misma empresa.\r\n\r\n\u00daltima revisi\u00f3n de la declaraci\u00f3n: 20 de abril de 2023.\r\n<br>\r\n<h5>Observaciones y datos de contacto<\/h5>\r\nPuede realizar comunicaciones sobre requisitos de accesibilidad (art\u00edculo 10.2.a) del RD 1112\/2018) como por ejemplo:\r\n\r\nInformar sobre cualquier posible incumplimiento por parte de este sitio web\r\nTransmitir otras dificultades de acceso al contenido\r\nFormular cualquier otra consulta o sugerencia de mejora relativa a la accesibilidad del sitio web\r\nA trav\u00e9s del siguiente formulario de contacto o llamando al tel\u00e9fono 91 273 32 57.\r\n\r\nPuede presentar:\r\n\r\nUna queja relativa al cumplimiento de los requisitos del RD 1112\/2018 o una Solicitud de Informaci\u00f3n accesible relativa a:\r\ncontenidos que est\u00e1n excluidos del \u00e1mbito de aplicaci\u00f3n del RD 1112\/2018 seg\u00fan lo establecido por el art\u00edculo 3, apartado 4\r\ncontenidos que est\u00e1n exentos del cumplimiento de los requisitos de accesibilidad por imponer una carga desproporcionada.\r\nEn la Solicitud de informaci\u00f3n accesible, se debe concretar, con toda claridad, los hechos, razones y petici\u00f3n que permitan constatar que se trata de una solicitud razonable y leg\u00edtima.\r\n\r\nA trav\u00e9s de email, as\u00ed como del resto de opciones recogidas en la Ley 39\/ 2015, de 1 de octubre, del Procedimiento Administrativo Com\u00fan de las Administraciones P\u00fablicas.\r\n\r\nLas comunicaciones, quejas y solicitudes de informaci\u00f3n accesible ser\u00e1n recibidas y tratadas por la empresa.\r\n<br>\r\n<h5>Procedimiento de aplicaci\u00f3n<\/h5>\r\nSi una vez realizada una solicitud de informaci\u00f3n accesible o queja, \u00e9sta hubiera sido desestimada, no se estuviera de acuerdo con la decisi\u00f3n adoptada, o la respuesta no cumpliera los requisitos contemplados en el art\u00edculo 12.5, la persona interesada podr\u00e1 iniciar una reclamaci\u00f3n. Igualmente se podr\u00e1 iniciar una reclamaci\u00f3n en el caso de que haya transcurrido el plazo de veinte d\u00edas h\u00e1biles sin haber obtenido respuesta.\r\n\r\nLa reclamaci\u00f3n puede ser presentada por email , as\u00ed como en el resto de opciones recogidas en la Ley 39\/ 2015, de 1 de octubre, del Procedimiento Administrativo Com\u00fan de las Administraciones P\u00fablicas.\r\n\r\nLas reclamaciones ser\u00e1n recibidas y tratadas por la empresa.\r\n<br>\r\n<h5>Contenido opcional<\/h5>\r\nEste sitio web aplica los requisitos de la Norma UNE-EN 301549:2022 considerando las excepciones del RD 1112\/2018.\r\n\r\nLa \u00faltima revisi\u00f3n de la accesibilidad se ha realizado en 20 de abril de 2023.\r\n\r\nEl sitio web est\u00e1 optimizado para los navegadores Microsoft Internet Explorer 8.0 o versiones superiores y las \u00faltimas versiones vigentes de FireFox, Safari, Opera y Google Chrome. La resoluci\u00f3n web m\u00ednima recomendada es de 1280x1024.\r\n\r\nEl sitio web est\u00e1 dise\u00f1ado para su visualizaci\u00f3n Responsive, con lo que se visualiza de forma \u00f3ptima en los dispositivos tablet y m\u00f3viles. En estos dispositivos est\u00e1 optimizado para su visualizaci\u00f3n en las \u00faltimas versiones vigentes de Chrome for mobile, Firefox for mobile, Safari mobile, Opera Mini y navegador nativo de Android.\r\n`\r\n\r\ntextBlock.innerHTML= txt\r\n\r\n<\/script>\r\n<style>\r\n\r\n    p, h5, b, a {\r\n        font-family: \"Chillax\", Sans-serif;\r\n        font-weight: 400;\r\n    }\r\n   .text-block {\r\n       padding: 80px 20px\r\n   }\r\n   \r\n<\/style>\t\t\t\t<\/div>\n\t\t\t\t<\/div>\n\t\t\t\t\t<\/div>\n\t\t\t\t<\/div>\n\t\t\t\t<\/div>\n\t\t","protected":false},"excerpt":{"rendered":"<p>Inicio<\/p>\n","protected":false},"author":1,"featured_media":0,"parent":0,"menu_order":14,"comment_status":"closed","ping_status":"closed","template":"","meta":{"_monsterinsights_skip_tracking":false,"_monsterinsights_sitenote_active":false,"_monsterinsights_sitenote_note":"","_monsterinsights_sitenote_category":0,"footnotes":""},"class_list":["post-13","page","type-page","status-publish","hentry"],"_links":{"self":[{"href":"https:\/\/corporesanofisioterapia.com\/index.php?rest_route=\/wp\/v2\/pages\/13","targetHints":{"allow":["GET"]}}],"collection":[{"href":"https:\/\/corporesanofisioterapia.com\/index.php?rest_route=\/wp\/v2\/pages"}],"about":[{"href":"https:\/\/corporesanofisioterapia.com\/index.php?rest_route=\/wp\/v2\/types\/page"}],"author":[{"embeddable":true,"href":"https:\/\/corporesanofisioterapia.com\/index.php?rest_route=\/wp\/v2\/users\/1"}],"replies":[{"embeddable":true,"href":"https:\/\/corporesanofisioterapia.com\/index.php?rest_route=%2Fwp%2Fv2%2Fcomments&post=13"}],"version-history":[{"count":4,"href":"https:\/\/corporesanofisioterapia.com\/index.php?rest_route=\/wp\/v2\/pages\/13\/revisions"}],"predecessor-version":[{"id":452,"href":"https:\/\/corporesanofisioterapia.com\/index.php?rest_route=\/wp\/v2\/pages\/13\/revisions\/452"}],"wp:attachment":[{"href":"https:\/\/corporesanofisioterapia.com\/index.php?rest_route=%2Fwp%2Fv2%2Fmedia&parent=13"}],"curies":[{"name":"wp","href":"https:\/\/api.w.org\/{rel}","templated":true}]}}